{"id":1279,"date":"2024-01-25T12:06:08","date_gmt":"2024-01-25T11:06:08","guid":{"rendered":"https:\/?page_id=1279"},"modified":"2024-04-17T16:15:19","modified_gmt":"2024-04-17T15:15:19","slug":"avis-juridique","status":"publish","type":"page","link":"https:\/\/ansareo.com\/fr\/aviso-legal\/","title":{"rendered":"Avis juridique"},"content":{"rendered":"<div data-elementor-type=\"wp-page\" data-elementor-id=\"1279\" class=\"elementor elementor-1279\" data-elementor-post-type=\"page\">\n\t\t\t\t<div class=\"elementor-element elementor-element-71a871f e-flex e-con-boxed e-con e-parent\" data-id=\"71a871f\" data-element_type=\"container\" data-e-type=\"container\" data-settings=\"{&quot;background_background&quot;:&quot;classic&quot;,&quot;jet_parallax_layout_list&quot;:[]}\">\n\t\t\t\t\t<div class=\"e-con-inner\">\n\t\t<div class=\"elementor-element elementor-element-8dd7082 e-con-full e-flex e-con e-child\" data-id=\"8dd7082\" data-element_type=\"container\" data-e-type=\"container\" data-settings=\"{&quot;jet_parallax_layout_list&quot;:[]}\">\n\t\t\t\t<\/div>\n\t\t\t\t\t<\/div>\n\t\t\t\t<\/div>\n\t\t<div class=\"elementor-element elementor-element-d8ba4da e-flex e-con-boxed e-con e-parent\" data-id=\"d8ba4da\" data-element_type=\"container\" data-e-type=\"container\" data-settings=\"{&quot;jet_parallax_layout_list&quot;:[]}\">\n\t\t\t\t\t<div class=\"e-con-inner\">\n\t\t\t\t<div class=\"elementor-element elementor-element-db89fb9 elementor-widget elementor-widget-text-editor\" data-id=\"db89fb9\" data-element_type=\"widget\" data-e-type=\"widget\" data-widget_type=\"text-editor.default\">\n\t\t\t\t<div class=\"elementor-widget-container\">\n\t\t\t\t\t\t\t\t\t<h3 data-pm-slice=\"1 1 []\">IDENTIT\u00c9 DU PROPRI\u00c9TAIRE DU SITE WEB<\/h3><p><strong>Nom commercial: <\/strong>GROUPE SAZ ANSAREO, SL<\/p><p><strong>Raison sociale: <\/strong>SAZ ANSAREO GROUP, SL (d\u00e9sormais PROPRI\u00c9TAIRE DU SITE WEB)<\/p><p><strong>NIF\u00a0: <\/strong>B95982229<\/p><p><strong>Adresse: <\/strong>Pol. Industriel Grenade, M-1 \u2013 48530 ORTUELLA<\/p><p><strong>e-mail:<\/strong><a href=\"mailto:ansareo@\"> ansareo@<\/a><\/p><p><strong>T\u00e9l\u00e9phone: <\/strong>94 635 47 06<strong><br \/><\/strong><\/p><h3>CONDITIONS JURIDIQUES<\/h3><p>L&#039;utilisation de ce site Web attribue au navigateur la qualit\u00e9 d&#039;utilisateur du site, ce qui implique l&#039;adh\u00e9sion \u00e0 ces conditions dans la version publi\u00e9e au moment o\u00f9 l&#039;acc\u00e8s est autoris\u00e9. Par cons\u00e9quent, LE PROPRI\u00c9TAIRE DU SITE WEB recommande \u00e0 l&#039;utilisateur de les lire attentivement chaque fois qu&#039;il acc\u00e8de au site Web. L&#039;acc\u00e8s \u00e0 certains contenus propos\u00e9s via ce site Internet peut \u00eatre soumis \u00e0 certaines conditions particuli\u00e8res qui, selon les cas, remplacent, compl\u00e8tent et\/ou modifient les pr\u00e9sentes conditions g\u00e9n\u00e9rales. Par cons\u00e9quent, avant d&#039;acc\u00e9der et\/ou d&#039;utiliser ces contenus, l&#039;utilisateur doit \u00e9galement lire attentivement les conditions particuli\u00e8res correspondantes. LE PROPRI\u00c9TAIRE DU SITE WEB peut modifier \u00e0 tout moment et sans pr\u00e9avis, la conception, la pr\u00e9sentation et\/ou la configuration du Site Web, ainsi que tout ou partie du Contenu, et modifier les conditions g\u00e9n\u00e9rales et\/ou particuli\u00e8res requises pour son utilisation. eux. .<\/p><h3>RESPONSABILIT\u00c9 ET GARANTIE DU PROPRI\u00c9TAIRE DU SITE WEB<\/h3><p><strong>ACC\u00c9DER<\/strong><\/p><p>De mani\u00e8re g\u00e9n\u00e9rale, les utilisateurs pourront acc\u00e9der au site Internet librement et gratuitement. Toutefois, LE PROPRI\u00c9TAIRE DU SITE se r\u00e9serve le droit, conform\u00e9ment \u00e0 la l\u00e9gislation en vigueur, de limiter l&#039;acc\u00e8s \u00e0 certaines zones du site Internet. Dans ces cas, comme condition pr\u00e9alable pour acc\u00e9der au service, l&#039;Utilisateur doit s&#039;inscrire en fournissant toutes les informations demand\u00e9es, de mani\u00e8re actualis\u00e9e et r\u00e9elle (voir politique de confidentialit\u00e9). L&#039;utilisation du mot de passe est personnelle et intransmissible, et sa cession, m\u00eame temporaire, \u00e0 des tiers n&#039;est pas autoris\u00e9e. En ce sens, l&#039;Utilisateur s&#039;engage \u00e0 faire preuve de diligence et \u00e0 le garder secret, assumant l&#039;enti\u00e8re responsabilit\u00e9 des cons\u00e9quences de sa divulgation \u00e0 des tiers.<\/p><p><strong>CONTENU<\/strong><\/p><p>LE PROPRI\u00c9TAIRE DU SITE WEB se r\u00e9serve le droit d&#039;interrompre l&#039;acc\u00e8s \u00e0 son site Web, ainsi que la fourniture de tout ou partie du Contenu fourni par son interm\u00e9diaire, \u00e0 tout moment et sans pr\u00e9avis, que ce soit pour des raisons techniques, de s\u00e9curit\u00e9, de contr\u00f4le, de maintenance, de puissance. pannes ou toute autre cause. Cette interruption peut \u00eatre temporaire ou permanente, auquel cas cette circonstance sera communiqu\u00e9e aux Utilisateurs, qui pourront subir la perte, le cas \u00e9ch\u00e9ant, des informations stock\u00e9es dans les diff\u00e9rents services. Par cons\u00e9quent, LE PROPRI\u00c9TAIRE DU SITE WEB ne garantit pas la fiabilit\u00e9, la disponibilit\u00e9 ou la continuit\u00e9 de son site Web ou des contenus, tant le sien que ceux d&#039;autres sites Web accessibles via des liens, de sorte que l&#039;utilisation de celui-ci par l&#039;utilisateur s&#039;effectue \u00e0 ses frais et risques, sans pouvoir, \u00e0 aucun moment, exiger des responsabilit\u00e9s du PROPRI\u00c9TAIRE DU SITE WEB \u00e0 cet \u00e9gard. LE PROPRI\u00c9TAIRE DU SITE WEB ne sera pas responsable de tout type de dommages, pertes, r\u00e9clamations ou d\u00e9penses de toute nature, pour les informations acquises ou accessibles par ou via le site Web, pour les virus informatiques, pour les pannes op\u00e9rationnelles ou pour les interruptions du service ou transmission ou des pannes de ligne. Il est interdit de transmettre ou d&#039;envoyer via le site Web tout contenu ill\u00e9gal ou illicite, virus informatiques ou messages qui, en g\u00e9n\u00e9ral, affectent ou violent les droits du PROPRI\u00c9TAIRE DU SITE WEB ou de tiers.<\/p><p><strong>PROPRI\u00c9T\u00c9 INDUSTRIELLE ET INTELLECTUELLE<\/strong><\/p><p>Ce site Internet est la propri\u00e9t\u00e9 du PROPRI\u00c9TAIRE DU SITE WEB. Les droits de propri\u00e9t\u00e9 intellectuelle et les droits d&#039;exploitation et de reproduction de ce site Web, de ses pages, de ses \u00e9crans, des informations qu&#039;ils contiennent, de son apparence et de sa conception, ainsi que des liens \u00e9tablis \u00e0 partir de celui-ci vers d&#039;autres pages, sont la propri\u00e9t\u00e9 exclusive de celui-ci. sp\u00e9cifi\u00e9 autrement. Tous les noms, dessins et\/ou logos qui composent cette page sont des marques d\u00fbment d\u00e9pos\u00e9es. Tout d\u00e9tournement de celui-ci par une personne autre que son propri\u00e9taire l\u00e9gitime pourra \u00eatre poursuivi conform\u00e9ment \u00e0 la l\u00e9gislation en vigueur. Les droits de propri\u00e9t\u00e9 intellectuelle et les marques de tiers sont mis en \u00e9vidence de mani\u00e8re appropri\u00e9e et doivent \u00eatre respect\u00e9s par toute personne acc\u00e9dant au site Internet. Uniquement pour un usage personnel et priv\u00e9, il est permis de t\u00e9l\u00e9charger le contenu, de copier ou d&#039;imprimer n&#039;importe quelle page de ce site Web. Il est interdit de reproduire, transmettre, modifier ou supprimer les informations, le contenu ou les avertissements de ce site Web sans l&#039;autorisation \u00e9crite pr\u00e9alable du PROPRI\u00c9TAIRE DU SITE WEB.<\/p><h3>L\u00c9GISLATION APPLICABLE<\/h3><p>Ces conditions g\u00e9n\u00e9rales sont r\u00e9gies par la l\u00e9gislation espagnole.<\/p><h3>POLITIQUE DE CONFIDENTIALIT\u00c9<\/h3><p>Aux fins des dispositions de la r\u00e9glementation en vigueur en mati\u00e8re de protection des donn\u00e9es personnelles, LE PROPRI\u00c9TAIRE DU SITE WEB informe que les donn\u00e9es personnelles que vous pourrez nous fournir lors de la navigation sur notre site Web seront int\u00e9gr\u00e9es dans un traitement de donn\u00e9es sous la responsabilit\u00e9 du PROPRI\u00c9TAIRE DU SITE WEB. , dans le seul but de pouvoir g\u00e9rer votre demande. Ce n&#039;est que si l&#039;utilisateur a donn\u00e9 son consentement expr\u00e8s que LE PROPRI\u00c9TAIRE DU SITE WEB lui enverra des informations ; technique, op\u00e9rationnel et commercial, par tout moyen, y compris le courrier \u00e9lectronique et\/ou tout moyen \u00e9quivalent, sur les produits, services, offres et actualit\u00e9s que nous consid\u00e9rons d&#039;int\u00e9r\u00eat pour l&#039;utilisateur. LE PROPRI\u00c9TAIRE DU SITE WEB s&#039;engage \u00e0 respecter son obligation de secret des donn\u00e9es personnelles et son devoir de conservation et adoptera les mesures n\u00e9cessaires pour emp\u00eacher leur alt\u00e9ration, perte, traitement ou acc\u00e8s non autoris\u00e9, en tenant compte \u00e0 tout moment de l&#039;\u00e9tat de la technologie, respecter les mesures de s\u00e9curit\u00e9 techniques et organisationnelles. Enfin, nous vous informons de la possibilit\u00e9 d&#039;exercer vos droits d&#039;acc\u00e8s, de rectification, annulation et opposition au moyen d&#039;un formulaire adress\u00e9 \u00e0 l&#039;administrateur du syst\u00e8me.<\/p>\t\t\t\t\t\t\t\t<\/div>\n\t\t\t\t<\/div>\n\t\t\t\t\t<\/div>\n\t\t\t\t<\/div>\n\t\t\t\t<\/div>","protected":false},"excerpt":{"rendered":"<p>IDENTIDAD DEL TITULAR DEL SITIO WEB Nombre comercial: SAZ ANSAREO GROUP, S.L. Denominaci\u00f3n social: SAZ ANSAREO GROUP, S.L. (desde ahora EL TITULAR DEL WEB) NIF: B95982229 Direcci\u00f3n: Pol. Industrial Granada, M-1 \u2013 48530 ORTUELLA eMail: ansareo@ Tel\u00e9fono: 94 635 47 06 T\u00c9RMINOS LEGALES Y CONDICIONES La utilizaci\u00f3n de este sitio web atribuye al navegante la [&hellip;]<\/p>\n","protected":false},"author":1,"featured_media":0,"parent":0,"menu_order":0,"comment_status":"closed","ping_status":"closed","template":"","meta":{"site-sidebar-layout":"no-sidebar","site-content-layout":"page-builder","ast-site-content-layout":"full-width-container","site-content-style":"default","site-sidebar-style":"default","ast-global-header-display":"","ast-banner-title-visibility":"","ast-main-header-display":"","ast-hfb-above-header-display":"","ast-hfb-below-header-display":"","ast-hfb-mobile-header-display":"","site-post-title":"disabled","ast-breadcrumbs-content":"","ast-featured-img":"disabled","footer-sml-layout":"","ast-disable-related-posts":"","theme-transparent-header-meta":"","adv-header-id-meta":"","stick-header-meta":"","header-above-stick-meta":"","header-main-stick-meta":"","header-below-stick-meta":"","astra-migrate-meta-layouts":"set","ast-page-background-enabled":"default","ast-page-background-meta":{"desktop":{"background-color":"","background-image":"","background-repeat":"repeat","background-position":"center center","background-size":"auto","background-attachment":"scroll","background-type":"","background-media":"","overlay-type":"","overlay-color":"","overlay-opacity":"","overlay-gradient":""},"tablet":{"background-color":"","background-image":"","background-repeat":"repeat","background-position":"center center","background-size":"auto","background-attachment":"scroll","background-type":"","background-media":"","overlay-type":"","overlay-color":"","overlay-opacity":"","overlay-gradient":""},"mobile":{"background-color":"","background-image":"","background-repeat":"repeat","background-position":"center center","background-size":"auto","background-attachment":"scroll","background-type":"","background-media":"","overlay-type":"","overlay-color":"","overlay-opacity":"","overlay-gradient":""}},"ast-content-background-meta":{"desktop":{"background-color":"var(--ast-global-color-5)","background-image":"","background-repeat":"repeat","background-position":"center center","background-size":"auto","background-attachment":"scroll","background-type":"","background-media":"","overlay-type":"","overlay-color":"","overlay-opacity":"","overlay-gradient":""},"tablet":{"background-color":"var(--ast-global-color-5)","background-image":"","background-repeat":"repeat","background-position":"center center","background-size":"auto","background-attachment":"scroll","background-type":"","background-media":"","overlay-type":"","overlay-color":"","overlay-opacity":"","overlay-gradient":""},"mobile":{"background-color":"var(--ast-global-color-5)","background-image":"","background-repeat":"repeat","background-position":"center center","background-size":"auto","background-attachment":"scroll","background-type":"","background-media":"","overlay-type":"","overlay-color":"","overlay-opacity":"","overlay-gradient":""}},"footnotes":""},"class_list":["post-1279","page","type-page","status-publish","hentry"],"_links":{"self":[{"href":"https:\/\/ansareo.com\/fr\/wp-json\/wp\/v2\/pages\/1279","targetHints":{"allow":["GET"]}}],"collection":[{"href":"https:\/\/ansareo.com\/fr\/wp-json\/wp\/v2\/pages"}],"about":[{"href":"https:\/\/ansareo.com\/fr\/wp-json\/wp\/v2\/types\/page"}],"author":[{"embeddable":true,"href":"https:\/\/ansareo.com\/fr\/wp-json\/wp\/v2\/users\/1"}],"replies":[{"embeddable":true,"href":"https:\/\/ansareo.com\/fr\/wp-json\/wp\/v2\/comments?post=1279"}],"version-history":[{"count":5,"href":"https:\/\/ansareo.com\/fr\/wp-json\/wp\/v2\/pages\/1279\/revisions"}],"predecessor-version":[{"id":2583,"href":"https:\/\/ansareo.com\/fr\/wp-json\/wp\/v2\/pages\/1279\/revisions\/2583"}],"wp:attachment":[{"href":"https:\/\/ansareo.com\/fr\/wp-json\/wp\/v2\/media?parent=1279"}],"curies":[{"name":"wp","href":"https:\/\/api.w.org\/{rel}","templated":true}]}}