{"id":1285,"date":"2024-01-25T12:08:36","date_gmt":"2024-01-25T11:08:36","guid":{"rendered":"https:\/?page_id=1285"},"modified":"2024-01-26T08:25:08","modified_gmt":"2024-01-26T07:25:08","slug":"declaration-daccessibilite","status":"publish","type":"page","link":"https:\/\/ansareo.com\/fr\/declaracion-de-accesibilidad\/","title":{"rendered":"D\u00e9claration d&#039;accessibilit\u00e9"},"content":{"rendered":"<div data-elementor-type=\"wp-page\" data-elementor-id=\"1285\" class=\"elementor elementor-1285\" data-elementor-post-type=\"page\">\n\t\t\t\t<div class=\"elementor-element elementor-element-71a871f e-flex e-con-boxed e-con e-parent\" data-id=\"71a871f\" data-element_type=\"container\" data-e-type=\"container\" data-settings=\"{&quot;background_background&quot;:&quot;classic&quot;,&quot;jet_parallax_layout_list&quot;:[]}\">\n\t\t\t\t\t<div class=\"e-con-inner\">\n\t\t<div class=\"elementor-element elementor-element-8dd7082 e-con-full e-flex e-con e-child\" data-id=\"8dd7082\" data-element_type=\"container\" data-e-type=\"container\" data-settings=\"{&quot;jet_parallax_layout_list&quot;:[]}\">\n\t\t\t\t<\/div>\n\t\t\t\t\t<\/div>\n\t\t\t\t<\/div>\n\t\t<div class=\"elementor-element elementor-element-d8ba4da e-flex e-con-boxed e-con e-parent\" data-id=\"d8ba4da\" data-element_type=\"container\" data-e-type=\"container\" data-settings=\"{&quot;jet_parallax_layout_list&quot;:[]}\">\n\t\t\t\t\t<div class=\"e-con-inner\">\n\t\t\t\t<div class=\"elementor-element elementor-element-db89fb9 elementor-widget elementor-widget-text-editor\" data-id=\"db89fb9\" data-element_type=\"widget\" data-e-type=\"widget\" data-widget_type=\"text-editor.default\">\n\t\t\t\t<div class=\"elementor-widget-container\">\n\t\t\t\t\t\t\t\t\t<p data-pm-slice=\"1 3 []\">Nous nous engageons \u00e0 rendre notre site Internet accessible conform\u00e9ment aux\u00a0<a href=\"https:\/\/www.boe.es\/buscar\/act.php?id=BOE-A-2018-12699\" target=\"_blank\" rel=\"noopener noreferrer nofollow\">D\u00e9cret royal 1112\/2018 du 7 septembre<\/a>, sur l&#039;accessibilit\u00e9 des sites Web et des applications pour appareils mobiles du secteur public (ci-apr\u00e8s, d\u00e9cret royal 1112\/2018, du 7 septembre).<\/p><p><strong>Statut de conformit\u00e9<\/strong><\/p><p>Ce site Web est\u00a0<strong>partiellement conforme<\/strong>\u00a0au d\u00e9cret royal 1112\/2018 du 7 septembre, en raison du manque de conformit\u00e9 des aspects indiqu\u00e9s ci-dessous.<\/p><p><strong>Contenu non accessible<\/strong><\/p><p>Le contenu collect\u00e9 ci-dessous n&#039;est pas accessible pour les raisons suivantes\u00a0:<\/p><ol><li><p><strong>Fardeau disproportionn\u00e9<\/strong>: Ne s&#039;applique pas.<\/p><\/li><\/ol><p><strong>Pr\u00e9paration de cette d\u00e9claration d&#039;accessibilit\u00e9<\/strong><\/p><p>Cette d\u00e9claration a \u00e9t\u00e9 pr\u00e9par\u00e9e le 23 janvier 2024.<\/p><p>La m\u00e9thode utilis\u00e9e pour pr\u00e9parer la d\u00e9claration a \u00e9t\u00e9 une auto-\u00e9valuation r\u00e9alis\u00e9e par l&#039;organisation elle-m\u00eame.<\/p><p><strong>Observations et coordonn\u00e9es<\/strong><\/p><p>Vous pouvez faire des communications sur les exigences d&#039;accessibilit\u00e9 (article 10.2.a) du d\u00e9cret royal 1112\/2018 du 7 septembre), comme par exemple\u00a0:<\/p><ul><li><p>Signalez toute violation \u00e9ventuelle de ce site Web.<\/p><\/li><li><p>Transmettre d\u2019autres difficult\u00e9s d\u2019acc\u00e8s au contenu.<\/p><\/li><li><p>Posez toute autre question ou suggestion d\u2019am\u00e9lioration concernant l\u2019accessibilit\u00e9 du site Web.<\/p><\/li><\/ul><p>Par les moyens suivants :<\/p><ul><li>Courrier \u00e9lectronique: <a href=\"mailto:ansareo@\">ansareo@<\/a><\/li><li>T\u00e9l\u00e9phone : 94 635 47 06<\/li><\/ul><p>Les communications seront re\u00e7ues et trait\u00e9es par la direction de l&#039;entreprise, en tant qu&#039;unit\u00e9 responsable du contenu de ce site Web.<\/p><p><strong>Contenu facultatif<\/strong><\/p><p>La version actuellement visible de ce site Internet date de janvier 2024 et \u00e0 cette date la r\u00e9vision du niveau d&#039;accessibilit\u00e9 en vigueur \u00e0 l&#039;\u00e9poque a \u00e9t\u00e9 effectu\u00e9e.<\/p><p>\u00c0 partir de cette date, des contr\u00f4les quotidiens partiels des contenus Web nouveaux ou modifi\u00e9s sont effectu\u00e9s, tant des mod\u00e8les que des pages et documents finaux publi\u00e9s, afin de garantir le respect des exigences d&#039;accessibilit\u00e9 de la norme UNE-EN 301549 :2019. compte tenu des exceptions du d\u00e9cret royal 1112\/2018 du 7 septembre.<\/p><p>Entre autres, les mesures suivantes sont adopt\u00e9es pour faciliter l\u2019accessibilit\u00e9 :<\/p><ul><li><p>Utiliser du texte alternatif dans les images<\/p><\/li><li><p>Les liens fournissent des d\u00e9tails sur la fonction ou la destination du lien hypertexte<\/p><\/li><li><p>Utilisation des standards W3C : XHTML 1.0, CSS 3.0, WAI AA.<\/p><\/li><\/ul>\t\t\t\t\t\t\t\t<\/div>\n\t\t\t\t<\/div>\n\t\t\t\t\t<\/div>\n\t\t\t\t<\/div>\n\t\t\t\t<\/div>","protected":false},"excerpt":{"rendered":"<p>Estamos comprometidos a hacer accesible nuestro sitio web de conformidad con el\u00a0Real Decreto 1112\/2018, de 7 de septiembre, sobre accesibilidad de los sitios web y aplicaciones para dispositivos m\u00f3viles del sector p\u00fablico (en adelante, Real Decreto 1112\/2018, de 7 de septiembre). Situaci\u00f3n de cumplimiento Este sitio web es\u00a0parcialmente conforme\u00a0con el Real Decreto 1112\/2018, de 7 [&hellip;]<\/p>\n","protected":false},"author":1,"featured_media":0,"parent":0,"menu_order":0,"comment_status":"closed","ping_status":"closed","template":"","meta":{"site-sidebar-layout":"no-sidebar","site-content-layout":"page-builder","ast-site-content-layout":"full-width-container","site-content-style":"default","site-sidebar-style":"default","ast-global-header-display":"","ast-banner-title-visibility":"","ast-main-header-display":"","ast-hfb-above-header-display":"","ast-hfb-below-header-display":"","ast-hfb-mobile-header-display":"","site-post-title":"disabled","ast-breadcrumbs-content":"","ast-featured-img":"disabled","footer-sml-layout":"","ast-disable-related-posts":"","theme-transparent-header-meta":"","adv-header-id-meta":"","stick-header-meta":"","header-above-stick-meta":"","header-main-stick-meta":"","header-below-stick-meta":"","astra-migrate-meta-layouts":"set","ast-page-background-enabled":"default","ast-page-background-meta":{"desktop":{"background-color":"","background-image":"","background-repeat":"repeat","background-position":"center center","background-size":"auto","background-attachment":"scroll","background-type":"","background-media":"","overlay-type":"","overlay-color":"","overlay-opacity":"","overlay-gradient":""},"tablet":{"background-color":"","background-image":"","background-repeat":"repeat","background-position":"center center","background-size":"auto","background-attachment":"scroll","background-type":"","background-media":"","overlay-type":"","overlay-color":"","overlay-opacity":"","overlay-gradient":""},"mobile":{"background-color":"","background-image":"","background-repeat":"repeat","background-position":"center center","background-size":"auto","background-attachment":"scroll","background-type":"","background-media":"","overlay-type":"","overlay-color":"","overlay-opacity":"","overlay-gradient":""}},"ast-content-background-meta":{"desktop":{"background-color":"var(--ast-global-color-5)","background-image":"","background-repeat":"repeat","background-position":"center center","background-size":"auto","background-attachment":"scroll","background-type":"","background-media":"","overlay-type":"","overlay-color":"","overlay-opacity":"","overlay-gradient":""},"tablet":{"background-color":"var(--ast-global-color-5)","background-image":"","background-repeat":"repeat","background-position":"center center","background-size":"auto","background-attachment":"scroll","background-type":"","background-media":"","overlay-type":"","overlay-color":"","overlay-opacity":"","overlay-gradient":""},"mobile":{"background-color":"var(--ast-global-color-5)","background-image":"","background-repeat":"repeat","background-position":"center center","background-size":"auto","background-attachment":"scroll","background-type":"","background-media":"","overlay-type":"","overlay-color":"","overlay-opacity":"","overlay-gradient":""}},"footnotes":""},"class_list":["post-1285","page","type-page","status-publish","hentry"],"_links":{"self":[{"href":"https:\/\/ansareo.com\/fr\/wp-json\/wp\/v2\/pages\/1285","targetHints":{"allow":["GET"]}}],"collection":[{"href":"https:\/\/ansareo.com\/fr\/wp-json\/wp\/v2\/pages"}],"about":[{"href":"https:\/\/ansareo.com\/fr\/wp-json\/wp\/v2\/types\/page"}],"author":[{"embeddable":true,"href":"https:\/\/ansareo.com\/fr\/wp-json\/wp\/v2\/users\/1"}],"replies":[{"embeddable":true,"href":"https:\/\/ansareo.com\/fr\/wp-json\/wp\/v2\/comments?post=1285"}],"version-history":[{"count":5,"href":"https:\/\/ansareo.com\/fr\/wp-json\/wp\/v2\/pages\/1285\/revisions"}],"predecessor-version":[{"id":1379,"href":"https:\/\/ansareo.com\/fr\/wp-json\/wp\/v2\/pages\/1285\/revisions\/1379"}],"wp:attachment":[{"href":"https:\/\/ansareo.com\/fr\/wp-json\/wp\/v2\/media?parent=1285"}],"curies":[{"name":"wp","href":"https:\/\/api.w.org\/{rel}","templated":true}]}}