{"id":1291,"date":"2024-01-25T12:09:50","date_gmt":"2024-01-25T11:09:50","guid":{"rendered":"https:\/?page_id=1291"},"modified":"2024-04-17T16:57:39","modified_gmt":"2024-04-17T15:57:39","slug":"politique-de-confidentialite","status":"publish","type":"page","link":"https:\/\/ansareo.com\/fr\/politica-de-privacidad\/","title":{"rendered":"Politique de confidentialit\u00e9"},"content":{"rendered":"<div data-elementor-type=\"wp-page\" data-elementor-id=\"1291\" class=\"elementor elementor-1291\" data-elementor-post-type=\"page\">\n\t\t\t\t<div class=\"elementor-element elementor-element-71a871f e-flex e-con-boxed e-con e-parent\" data-id=\"71a871f\" data-element_type=\"container\" data-e-type=\"container\" data-settings=\"{&quot;background_background&quot;:&quot;classic&quot;,&quot;jet_parallax_layout_list&quot;:[]}\">\n\t\t\t\t\t<div class=\"e-con-inner\">\n\t\t<div class=\"elementor-element elementor-element-8dd7082 e-con-full e-flex e-con e-child\" data-id=\"8dd7082\" data-element_type=\"container\" data-e-type=\"container\" data-settings=\"{&quot;jet_parallax_layout_list&quot;:[]}\">\n\t\t\t\t<\/div>\n\t\t\t\t\t<\/div>\n\t\t\t\t<\/div>\n\t\t<div class=\"elementor-element elementor-element-d8ba4da e-flex e-con-boxed e-con e-parent\" data-id=\"d8ba4da\" data-element_type=\"container\" data-e-type=\"container\" data-settings=\"{&quot;jet_parallax_layout_list&quot;:[]}\">\n\t\t\t\t\t<div class=\"e-con-inner\">\n\t\t\t\t<div class=\"elementor-element elementor-element-db89fb9 elementor-widget elementor-widget-text-editor\" data-id=\"db89fb9\" data-element_type=\"widget\" data-e-type=\"widget\" data-widget_type=\"text-editor.default\">\n\t\t\t\t<div class=\"elementor-widget-container\">\n\t\t\t\t\t\t\t\t\t<h3 data-pm-slice=\"1 1 []\">Que sont les cookies ?<\/h3><p>Les cookies sont de petits fichiers de donn\u00e9es qui sont re\u00e7us sur le terminal du site Web visit\u00e9 et sont utilis\u00e9s pour enregistrer certaines interactions de navigation sur un site Web, en stockant des donn\u00e9es qui peuvent \u00eatre mises \u00e0 jour et r\u00e9cup\u00e9r\u00e9es. Ces fichiers sont stock\u00e9s sur l&#039;ordinateur de l&#039;utilisateur et contiennent des donn\u00e9es anonymes qui ne nuisent pas \u00e0 son ordinateur. Ils sont utilis\u00e9s pour m\u00e9moriser les pr\u00e9f\u00e9rences de l&#039;utilisateur, telles que la langue s\u00e9lectionn\u00e9e, les donn\u00e9es d&#039;acc\u00e8s ou la personnalisation des pages.<\/p><p>Les cookies peuvent \u00e9galement \u00eatre utilis\u00e9s pour enregistrer des informations anonymes sur la mani\u00e8re dont le visiteur utilise le site. Par exemple, \u00e0 partir de quelle page Web vous avez acc\u00e9d\u00e9 ou si vous avez utilis\u00e9 une banni\u00e8re publicitaire pour y acc\u00e9der.<\/p><h3>Pourquoi ce site utilise-t-il des cookies ?<\/h3><p>CE SITE WEB utilise des cookies strictement n\u00e9cessaires et indispensables pour que vous puissiez utiliser nos sites Internet et pouvoir vous d\u00e9placer librement, utiliser les espaces s\u00e9curis\u00e9s, configurer des options personnalis\u00e9es, etc. Il utilise \u00e9galement des cookies qui collectent des donn\u00e9es li\u00e9es \u00e0 l&#039;analyse de l&#039;utilisation du site Web. Ceux-ci sont utilis\u00e9s pour contribuer \u00e0 am\u00e9liorer le service destin\u00e9 \u00e0 l\u2019utilisateur, en mesurant l\u2019utilisation et les performances de la page pour l\u2019optimiser et la personnaliser.<\/p><p>Nos sites peuvent \u00e9galement contenir des liens provenant de r\u00e9seaux sociaux (tels que Facebook ou Twitter). CE SITE WEB ne contr\u00f4le pas les cookies utilis\u00e9s par ces sites Web externes. Pour plus d&#039;informations sur les cookies des r\u00e9seaux sociaux ou d&#039;autres sites Web tiers, nous vous recommandons de consulter leurs propres politiques en mati\u00e8re de cookies.<\/p><h3>Quelle utilisation donnons-nous aux diff\u00e9rents types de cookies ?<\/h3><p><strong>Selon sa finalit\u00e9 :<\/strong><\/p><p><u>Cookies techniques<\/u><\/p><p>Les cookies sont des techniques essentielles et strictement n\u00e9cessaires au bon fonctionnement d&#039;un portail web et \u00e0 l&#039;utilisation des diff\u00e9rentes options et services qu&#039;il propose.<\/p><p>Par exemple, ceux qui servent au maintien de la session, \u00e0 la gestion des temps de r\u00e9ponse, \u00e0 l&#039;ex\u00e9cution ou \u00e0 la validation des options, \u00e0 l&#039;utilisation d&#039;\u00e9l\u00e9ments de s\u00e9curit\u00e9, au partage de contenus avec les r\u00e9seaux sociaux, etc.<\/p><p><u>Cookies de personnalisation<\/u><\/p><p>Ces cookies permettent \u00e0 l&#039;utilisateur de pr\u00e9ciser ou de personnaliser certaines caract\u00e9ristiques des options g\u00e9n\u00e9rales du site Internet. Par exemple, d\u00e9finir la langue, les param\u00e8tres r\u00e9gionaux ou le type de navigateur.<\/p><p><u>Cookies analytiques<\/u><\/p><p>Les cookies analytiques sont ceux utilis\u00e9s par nos portails Web pour cr\u00e9er des profils de navigation et pouvoir conna\u00eetre les pr\u00e9f\u00e9rences des utilisateurs afin d&#039;am\u00e9liorer l&#039;offre de produits et de services.<\/p><p>Par exemple, gr\u00e2ce \u00e0 un \u00ab cookie \u00bb analytique, les zones g\u00e9ographiques pr\u00e9sentant le plus grand int\u00e9r\u00eat pour un utilisateur seraient contr\u00f4l\u00e9es, quel est le produit le plus largement accept\u00e9, etc.<\/p><p><u>Cookies publicitaires\/publicitaires<\/u><\/p><p>Les cookies publicitaires permettent la gestion des espaces publicitaires selon des crit\u00e8res pr\u00e9cis. Par exemple, la fr\u00e9quence d&#039;acc\u00e8s, le contenu \u00e9dit\u00e9, etc.<\/p><p>Les cookies publicitaires permettent, \u00e0 travers la gestion de la publicit\u00e9, de stocker des informations comportementales \u00e0 travers l&#039;observation des habitudes, l&#039;\u00e9tude des acc\u00e8s et la constitution d&#039;un profil des pr\u00e9f\u00e9rences de l&#039;utilisateur, pour proposer des publicit\u00e9s li\u00e9es aux int\u00e9r\u00eats de votre profil.<\/p><p><strong>Selon d\u00e9lai :<\/strong><\/p><p><u>Cookies de session<\/u><\/p><p>Les cookies de session sont ceux qui durent aussi longtemps que l&#039;utilisateur navigue sur le site Web et sont supprim\u00e9s lorsque l&#039;utilisateur a fini de le faire.<\/p><p><u>Cookies persistants<\/u><\/p><p>Ces cookies sont stock\u00e9s plus longtemps sur le terminal de l&#039;utilisateur, facilitant ainsi le contr\u00f4le des pr\u00e9f\u00e9rences choisies sans avoir \u00e0 r\u00e9p\u00e9ter certains param\u00e8tres \u00e0 chaque visite du site Internet.<\/p><h3>Que faire si je ne souhaite pas avoir ces cookies ou ne rien faire\u00a0?<\/h3><p>Pour respecter la l\u00e9gislation en vigueur, nous devons vous demander l&#039;autorisation de g\u00e9rer les cookies. Si vous d\u00e9cidez de ne pas autoriser le traitement en indiquant que vous n&#039;\u00eates pas d&#039;accord, nous utiliserons uniquement des cookies techniques, car ils sont indispensables pour naviguer sur notre site Internet. Dans ce cas, nous ne stockerons aucun cookie. Si vous continuez \u00e0 naviguer sur notre site Web sans refuser l&#039;autorisation, cela implique que vous acceptez son utilisation.<\/p><p>Veuillez noter que si vous refusez ou supprimez les cookies de navigation Web, nous ne pourrons pas conserver vos pr\u00e9f\u00e9rences, certaines fonctionnalit\u00e9s des pages ne seront pas op\u00e9rationnelles, nous ne pourrons pas vous proposer des services personnalis\u00e9s et chaque fois que vous naviguez sur notre site Web, nous devra r\u00e9soudre. vous demander \u00e0 nouveau votre autorisation pour utiliser des cookies.<\/p><p>Si toutefois vous d\u00e9cidez de modifier la configuration de votre acc\u00e8s au site internet, sachez qu&#039;il est possible \u00e0 tout moment de supprimer les cookies ou d&#039;emp\u00eacher l&#039;enregistrement de ces informations sur votre ordinateur en modifiant les param\u00e8tres de configuration de votre navigateur :<\/p><ul><li><p><a href=\"https:\/\/windows.microsoft.com\/es-es\/windows-vista\/block-or-allow-cookies\" target=\"_blanc\" rel=\"noopener noreferrer nofollow\">Param\u00e8tres <em>biscuits<\/em> Internet Explorer<\/a><\/p><\/li><li><p><a href=\"https:\/\/support.mozilla.org\/ca\/kb\/enable-and-disable-cookies-website-preferences\" target=\"_blanc\" rel=\"noopener noreferrer nofollow\">Param\u00e8tres <em>biscuits<\/em>\u00a0depuis Firefox<\/a><\/p><\/li><li><p><a href=\"https:\/\/support.google.com\/chrome\/answer\/95647?hl=ca\" target=\"_blanc\" rel=\"noopener noreferrer nofollow\">Param\u00e8tres <em>biscuits<\/em>\u00a0de Google Chrome<\/a><\/p><\/li><li><p><a href=\"https:\/\/support.apple.com\/kb\/HT1677?viewlocale=es_ES&amp;locale=es_ES\" target=\"_blanc\" rel=\"noopener noreferrer nofollow\">Param\u00e8tres <em>biscuits<\/em>\u00a0de Safari<\/a><\/p><\/li><\/ul><p>Ces navigateurs sont sujets \u00e0 des mises \u00e0 jour ou \u00e0 des modifications, nous ne pouvons donc garantir qu&#039;ils s&#039;adaptent compl\u00e8tement \u00e0 la version de votre navigateur. Vous pouvez \u00e9galement utiliser un autre navigateur non inclus dans ces liens tel que Konqueror, Arora, Flock, etc.<\/p><p>Pour \u00e9viter ces d\u00e9s\u00e9quilibres, vous pouvez y acc\u00e9der directement depuis les options de votre navigateur, qui se trouvent g\u00e9n\u00e9ralement dans le menu Options, dans la rubrique \u00ab Confidentialit\u00e9 \u00bb. (Veuillez consulter l&#039;aide de votre navigateur pour plus d&#039;informations.)<\/p><h3>Les donn\u00e9es collect\u00e9es dans les cookies sont-elles utilis\u00e9es sur des sites Web qui ne sont pas CE SITE WEB\u00a0?<\/h3><p>Certains de nos cookies sont utilis\u00e9s pour g\u00e9n\u00e9rer de la publicit\u00e9 sur des r\u00e9seaux tiers ou pour effectuer des analyses pour lesquelles nous utilisons des outils externes \u00e0 CE SITE WEB. Les cookies utilis\u00e9s sont \u00e0 l&#039;usage exclusif de la banque et de son groupe de soci\u00e9t\u00e9s qui ne les commercialisent en aucun cas.<\/p><p>Sur ce SITE WEB, nous travaillons avec des fournisseurs de confiance qui nous aident dans la gestion et la personnalisation de nos pages Web.<\/p><h3>Alors, que signifient les informations ci-dessus\u00a0?<\/h3><p>Si vous acceptez nos cookies, vous nous autorisez \u00e0 am\u00e9liorer les sites Internet de CE SITE WEB pour vous offrir un acc\u00e8s optimal et vous offrir un service plus efficace et personnalis\u00e9.<\/p><p>De plus, vous pouvez configurer votre navigateur pour autoriser uniquement les sites Web ou les pages de confiance que vous parcourez actuellement \u00e0 g\u00e9rer les cookies, vous permettant ainsi de s\u00e9lectionner vos pr\u00e9f\u00e9rences.<\/p><p>Avec cette politique, CE SITE WEB d\u00e9montre l&#039;engagement acquis avec la l\u00e9gislation en vigueur sur l&#039;utilisation des cookies, en vous donnant des informations afin que vous puissiez comprendre quel type de cookies nous utiliserons et pourquoi nous le faisons. Nous entendons ainsi vous offrir de la transparence concernant les donn\u00e9es trait\u00e9es lors de la navigation sur notre site Internet \u00e0 partir de votre appareil.<\/p><p>Cette politique est r\u00e9vis\u00e9e p\u00e9riodiquement pour garantir sa validit\u00e9, elle peut donc \u00eatre modifi\u00e9e. Nous vous recommandons de visiter r\u00e9guli\u00e8rement la page, o\u00f9 nous vous informerons de toute mise \u00e0 jour.<\/p><h3>\u00bfO\u00f9 puis-je obtenir plus d&#039;informations ?<\/h3><p>Si vous avez besoin de plus d&#039;informations sur la directive cookies, veuillez consulter le Journal Officiel publi\u00e9 le 31 mars 2012 (pour l&#039;Espagne), dans lequel sont transpos\u00e9es les directives sur les communications \u00e9lectroniques. Vous pouvez \u00e9galement consulter la directive \u00e0 <a href=\"https:\/\/ico.org.uk\/\" target=\"_blank\" rel=\"noopener noreferrer nofollow\">Bureau du commissaire \u00e0 l&#039;information<\/a> (en anglais).<\/p><p>De plus, vous pouvez acc\u00e9der \u00e0 des vid\u00e9os \u00e9ducatives publi\u00e9es par l&#039;Agence espagnole de protection des donn\u00e9es qui expliquent, \u00e9tape par \u00e9tape, comment configurer les options de confidentialit\u00e9 des navigateurs, des r\u00e9seaux sociaux et des syst\u00e8mes d&#039;exploitation mobiles les plus courants, dans <a href=\"https:\/\/www.youtube.com\/user\/desdelaAEPD\" target=\"_blank\" rel=\"noopener noreferrer nofollow\">Vid\u00e9os de l&#039;AEPD<\/a>.<\/p>\t\t\t\t\t\t\t\t<\/div>\n\t\t\t\t<\/div>\n\t\t\t\t\t<\/div>\n\t\t\t\t<\/div>\n\t\t\t\t<\/div>","protected":false},"excerpt":{"rendered":"<p>\u00bfQu\u00e9 son las cookies? Las cookies son peque\u00f1os archivos de datos que se reciben en el terminal desde el sitio web visitado y se usan para registrar ciertas interacciones de la navegaci\u00f3n en un sitio web almacenando datos que podr\u00e1n ser actualizados y recuperados. Estos archivos se almacenan en el ordenador del usuario y contienen [&hellip;]<\/p>\n","protected":false},"author":1,"featured_media":0,"parent":0,"menu_order":0,"comment_status":"closed","ping_status":"closed","template":"","meta":{"site-sidebar-layout":"no-sidebar","site-content-layout":"page-builder","ast-site-content-layout":"full-width-container","site-content-style":"default","site-sidebar-style":"default","ast-global-header-display":"","ast-banner-title-visibility":"","ast-main-header-display":"","ast-hfb-above-header-display":"","ast-hfb-below-header-display":"","ast-hfb-mobile-header-display":"","site-post-title":"disabled","ast-breadcrumbs-content":"","ast-featured-img":"disabled","footer-sml-layout":"","ast-disable-related-posts":"","theme-transparent-header-meta":"","adv-header-id-meta":"","stick-header-meta":"","header-above-stick-meta":"","header-main-stick-meta":"","header-below-stick-meta":"","astra-migrate-meta-layouts":"set","ast-page-background-enabled":"default","ast-page-background-meta":{"desktop":{"background-color":"","background-image":"","background-repeat":"repeat","background-position":"center center","background-size":"auto","background-attachment":"scroll","background-type":"","background-media":"","overlay-type":"","overlay-color":"","overlay-opacity":"","overlay-gradient":""},"tablet":{"background-color":"","background-image":"","background-repeat":"repeat","background-position":"center center","background-size":"auto","background-attachment":"scroll","background-type":"","background-media":"","overlay-type":"","overlay-color":"","overlay-opacity":"","overlay-gradient":""},"mobile":{"background-color":"","background-image":"","background-repeat":"repeat","background-position":"center center","background-size":"auto","background-attachment":"scroll","background-type":"","background-media":"","overlay-type":"","overlay-color":"","overlay-opacity":"","overlay-gradient":""}},"ast-content-background-meta":{"desktop":{"background-color":"var(--ast-global-color-5)","background-image":"","background-repeat":"repeat","background-position":"center center","background-size":"auto","background-attachment":"scroll","background-type":"","background-media":"","overlay-type":"","overlay-color":"","overlay-opacity":"","overlay-gradient":""},"tablet":{"background-color":"var(--ast-global-color-5)","background-image":"","background-repeat":"repeat","background-position":"center center","background-size":"auto","background-attachment":"scroll","background-type":"","background-media":"","overlay-type":"","overlay-color":"","overlay-opacity":"","overlay-gradient":""},"mobile":{"background-color":"var(--ast-global-color-5)","background-image":"","background-repeat":"repeat","background-position":"center center","background-size":"auto","background-attachment":"scroll","background-type":"","background-media":"","overlay-type":"","overlay-color":"","overlay-opacity":"","overlay-gradient":""}},"footnotes":""},"class_list":["post-1291","page","type-page","status-publish","hentry"],"_links":{"self":[{"href":"https:\/\/ansareo.com\/fr\/wp-json\/wp\/v2\/pages\/1291","targetHints":{"allow":["GET"]}}],"collection":[{"href":"https:\/\/ansareo.com\/fr\/wp-json\/wp\/v2\/pages"}],"about":[{"href":"https:\/\/ansareo.com\/fr\/wp-json\/wp\/v2\/types\/page"}],"author":[{"embeddable":true,"href":"https:\/\/ansareo.com\/fr\/wp-json\/wp\/v2\/users\/1"}],"replies":[{"embeddable":true,"href":"https:\/\/ansareo.com\/fr\/wp-json\/wp\/v2\/comments?post=1291"}],"version-history":[{"count":5,"href":"https:\/\/ansareo.com\/fr\/wp-json\/wp\/v2\/pages\/1291\/revisions"}],"predecessor-version":[{"id":2626,"href":"https:\/\/ansareo.com\/fr\/wp-json\/wp\/v2\/pages\/1291\/revisions\/2626"}],"wp:attachment":[{"href":"https:\/\/ansareo.com\/fr\/wp-json\/wp\/v2\/media?parent=1291"}],"curies":[{"name":"wp","href":"https:\/\/api.w.org\/{rel}","templated":true}]}}