{"id":2449,"date":"2024-04-16T13:28:03","date_gmt":"2024-04-16T12:28:03","guid":{"rendered":"https:\/?page_id=2449"},"modified":"2025-09-17T15:17:31","modified_gmt":"2025-09-17T14:17:31","slug":"present","status":"publish","type":"page","link":"https:\/\/ansareo.com\/fr\/actualidad\/","title":{"rendered":"Actualit\u00e9s"},"content":{"rendered":"<div data-elementor-type=\"wp-post\" data-elementor-id=\"2449\" class=\"elementor elementor-2449\" data-elementor-post-type=\"page\">\n\t\t\t\t<div class=\"elementor-element elementor-element-24d7273 e-flex e-con-boxed e-con e-parent\" data-id=\"24d7273\" data-element_type=\"container\" data-e-type=\"container\" data-settings=\"{&quot;background_background&quot;:&quot;classic&quot;,&quot;jet_parallax_layout_list&quot;:[]}\">\n\t\t\t\t\t<div class=\"e-con-inner\">\n\t\t<div class=\"elementor-element elementor-element-aeade42 e-con-full e-flex e-con e-child\" data-id=\"aeade42\" data-element_type=\"container\" data-e-type=\"container\" data-settings=\"{&quot;jet_parallax_layout_list&quot;:[]}\">\n\t\t\t\t<\/div>\n\t\t\t\t\t<\/div>\n\t\t\t\t<\/div>\n\t\t<div class=\"elementor-element elementor-element-39e0fbc e-flex e-con-boxed e-con e-parent\" data-id=\"39e0fbc\" data-element_type=\"container\" data-e-type=\"container\" data-settings=\"{&quot;jet_parallax_layout_list&quot;:[]}\">\n\t\t\t\t\t<div class=\"e-con-inner\">\n\t\t\t\t<div class=\"elementor-element elementor-element-90efe3e elementor-grid-3 elementor-grid-tablet-2 elementor-grid-mobile-1 elementor-posts--thumbnail-top elementor-widget elementor-widget-posts\" data-id=\"90efe3e\" data-element_type=\"widget\" data-e-type=\"widget\" data-settings=\"{&quot;classic_columns&quot;:&quot;3&quot;,&quot;classic_columns_tablet&quot;:&quot;2&quot;,&quot;classic_columns_mobile&quot;:&quot;1&quot;,&quot;classic_row_gap&quot;:{&quot;unit&quot;:&quot;px&quot;,&quot;size&quot;:35,&quot;sizes&quot;:[]},&quot;classic_row_gap_tablet&quot;:{&quot;unit&quot;:&quot;px&quot;,&quot;size&quot;:&quot;&quot;,&quot;sizes&quot;:[]},&quot;classic_row_gap_mobile&quot;:{&quot;unit&quot;:&quot;px&quot;,&quot;size&quot;:&quot;&quot;,&quot;sizes&quot;:[]}}\" data-widget_type=\"posts.classic\">\n\t\t\t\t<div class=\"elementor-widget-container\">\n\t\t\t\t\t\t\t<div class=\"elementor-posts-container elementor-posts elementor-posts--skin-classic elementor-grid\" role=\"list\">\n\t\t\t\t<article class=\"elementor-post elementor-grid-item post-2799 noticias type-noticias status-publish hentry\" role=\"listitem\">\n\t\t\t\t<div class=\"elementor-post__text\">\n\t\t\t\t<h3 class=\"elementor-post__title\">\n\t\t\t<a href=\"https:\/\/ansareo.com\/fr\/noticias\/ansareo-en-ute-con-giroa-llevan-a-cabo-la-renovacion-de-las-depuradoras-de-las-piscinas-de-errekalde-bilbao\/\" >\n\t\t\t\tAnsareo en joint-venture avec Giroa r\u00e9alise la r\u00e9novation des stations d&#039;\u00e9puration des piscines d&#039;Errekalde-Bilbao\t\t\t<\/a>\n\t\t<\/h3>\n\t\t\t\t<div class=\"elementor-post__meta-data\">\n\t\t\t\t\t<span class=\"elementor-post-date\">\n\t\t\t25\/04\/2024\t\t<\/span>\n\t\t\t\t<span class=\"elementor-post-avatar\">\n\t\t\tSans commentaires\t\t<\/span>\n\t\t\t\t<\/div>\n\t\t\t\t<div class=\"elementor-post__excerpt\">\n\t\t\t<p>Bilbao Kirolak a confi\u00e9 \u00e0 l&#039;UTE Giroa Ansareo Rekalde la r\u00e9novation des stations d&#039;\u00e9puration des piscines int\u00e9rieures et ext\u00e9rieures du centre sportif Errekalde-Bilbao.<\/p>\n\t\t<\/div>\n\t\t\n\t\t<a class=\"elementor-post__read-more\" href=\"https:\/\/ansareo.com\/fr\/noticias\/ansareo-en-ute-con-giroa-llevan-a-cabo-la-renovacion-de-las-depuradoras-de-las-piscinas-de-errekalde-bilbao\/\" aria-label=\"Lire la suite de Ansareo, en joint-venture avec Giroa, r\u00e9alise la r\u00e9novation des stations d&#039;\u00e9puration des piscines d&#039;Errekalde-Bilbao\" tabindex=\"-1\" >\n\t\t\tLire plus &quot;\t\t<\/a>\n\n\t\t\t\t<\/div>\n\t\t\t\t<\/article>\n\t\t\t\t<article class=\"elementor-post elementor-grid-item post-2786 noticias type-noticias status-publish hentry\" role=\"listitem\">\n\t\t\t\t<div class=\"elementor-post__text\">\n\t\t\t\t<h3 class=\"elementor-post__title\">\n\t\t\t<a href=\"https:\/\/ansareo.com\/fr\/noticias\/ansareo-implementa-un-sistema-de-apoyo-a-la-toma-de-decisiones-en-tiempo-real-para-optimizar-el-funcionamiento-coordinado-de-la-red-primaria-de-saneamiento-del-consorcio-de-aguas-bilbao-bizkaia-y-sus\/\" >\n\t\t\t\tAnsareo met en \u0153uvre un syst\u00e8me d&#039;aide \u00e0 la d\u00e9cision en temps r\u00e9el pour optimiser le fonctionnement coordonn\u00e9 du r\u00e9seau d&#039;assainissement primaire du Consortium de l&#039;Eau Bilbao Bizkaia\t\t\t<\/a>\n\t\t<\/h3>\n\t\t\t\t<div class=\"elementor-post__meta-data\">\n\t\t\t\t\t<span class=\"elementor-post-date\">\n\t\t\t24\/04\/2024\t\t<\/span>\n\t\t\t\t<span class=\"elementor-post-avatar\">\n\t\t\tSans commentaires\t\t<\/span>\n\t\t\t\t<\/div>\n\t\t\t\t<div class=\"elementor-post__excerpt\">\n\t\t\t<p>Contrat attribu\u00e9 par le Consortium de l&#039;Eau de Bilbao avec les fonds Next Generation EU. La fonction principale du syst\u00e8me Galindo-Lamiako est d&#039;intercepter, de transporter et de purifier.<\/p>\n\t\t<\/div>\n\t\t\n\t\t<a class=\"elementor-post__read-more\" href=\"https:\/\/ansareo.com\/fr\/noticias\/ansareo-implementa-un-sistema-de-apoyo-a-la-toma-de-decisiones-en-tiempo-real-para-optimizar-el-funcionamiento-coordinado-de-la-red-primaria-de-saneamiento-del-consorcio-de-aguas-bilbao-bizkaia-y-sus\/\" aria-label=\"En savoir plus sur Ansareo met en \u0153uvre un syst\u00e8me d&#039;aide \u00e0 la d\u00e9cision en temps r\u00e9el pour optimiser le fonctionnement coordonn\u00e9 du r\u00e9seau d&#039;assainissement primaire du Consortium de l&#039;Eau Bilbao Bizkaia\" tabindex=\"-1\" >\n\t\t\tLire plus &quot;\t\t<\/a>\n\n\t\t\t\t<\/div>\n\t\t\t\t<\/article>\n\t\t\t\t<\/div>\n\t\t\n\t\t\t\t\t\t<\/div>\n\t\t\t\t<\/div>\n\t\t\t\t\t<\/div>\n\t\t\t\t<\/div>\n\t\t<div class=\"elementor-element elementor-element-e29da57 e-flex e-con-boxed e-con e-parent\" data-id=\"e29da57\" data-element_type=\"container\" data-e-type=\"container\" data-settings=\"{&quot;jet_parallax_layout_list&quot;:[],&quot;background_background&quot;:&quot;classic&quot;}\">\n\t\t\t\t\t<div class=\"e-con-inner\">\n\t\t\t\t<div class=\"elementor-element elementor-element-eb4d048 elementor-widget elementor-widget-image\" data-id=\"eb4d048\" data-element_type=\"widget\" data-e-type=\"widget\" data-widget_type=\"image.default\">\n\t\t\t\t<div class=\"elementor-widget-container\">\n\t\t\t\t\t<style>.elementor-element-eb4d048{display:none !important}<\/style>\t\t\t\t<\/div>\n\t\t\t\t<\/div>\n\t\t\t\t<div class=\"elementor-element elementor-element-c4e437a elementor-widget elementor-widget-image\" data-id=\"c4e437a\" data-element_type=\"widget\" data-e-type=\"widget\" data-widget_type=\"image.default\">\n\t\t\t\t<div class=\"elementor-widget-container\">\n\t\t\t\t\t<style>.elementor-element-c4e437a{display:none !important}<\/style>\t\t\t\t<\/div>\n\t\t\t\t<\/div>\n\t\t\t\t\t<\/div>\n\t\t\t\t<\/div>\n\t\t\t\t<\/div>","protected":false},"excerpt":{"rendered":"","protected":false},"author":1,"featured_media":0,"parent":0,"menu_order":0,"comment_status":"closed","ping_status":"closed","template":"","meta":{"site-sidebar-layout":"no-sidebar","site-content-layout":"page-builder","ast-site-content-layout":"default","site-content-style":"default","site-sidebar-style":"default","ast-global-header-display":"","ast-banner-title-visibility":"","ast-main-header-display":"","ast-hfb-above-header-display":"","ast-hfb-below-header-display":"","ast-hfb-mobile-header-display":"","site-post-title":"disabled","ast-breadcrumbs-content":"","ast-featured-img":"disabled","footer-sml-layout":"","ast-disable-related-posts":"","theme-transparent-header-meta":"enabled","adv-header-id-meta":"","stick-header-meta":"","header-above-stick-meta":"","header-main-stick-meta":"","header-below-stick-meta":"","astra-migrate-meta-layouts":"default","ast-page-background-enabled":"default","ast-page-background-meta":{"desktop":{"background-color":"","background-image":"","background-repeat":"repeat","background-position":"center center","background-size":"auto","background-attachment":"scroll","background-type":"","background-media":"","overlay-type":"","overlay-color":"","overlay-opacity":"","overlay-gradient":""},"tablet":{"background-color":"","background-image":"","background-repeat":"repeat","background-position":"center center","background-size":"auto","background-attachment":"scroll","background-type":"","background-media":"","overlay-type":"","overlay-color":"","overlay-opacity":"","overlay-gradient":""},"mobile":{"background-color":"","background-image":"","background-repeat":"repeat","background-position":"center center","background-size":"auto","background-attachment":"scroll","background-type":"","background-media":"","overlay-type":"","overlay-color":"","overlay-opacity":"","overlay-gradient":""}},"ast-content-background-meta":{"desktop":{"background-color":"var(--ast-global-color-5)","background-image":"","background-repeat":"repeat","background-position":"center center","background-size":"auto","background-attachment":"scroll","background-type":"","background-media":"","overlay-type":"","overlay-color":"","overlay-opacity":"","overlay-gradient":""},"tablet":{"background-color":"var(--ast-global-color-5)","background-image":"","background-repeat":"repeat","background-position":"center center","background-size":"auto","background-attachment":"scroll","background-type":"","background-media":"","overlay-type":"","overlay-color":"","overlay-opacity":"","overlay-gradient":""},"mobile":{"background-color":"var(--ast-global-color-5)","background-image":"","background-repeat":"repeat","background-position":"center center","background-size":"auto","background-attachment":"scroll","background-type":"","background-media":"","overlay-type":"","overlay-color":"","overlay-opacity":"","overlay-gradient":""}},"footnotes":""},"class_list":["post-2449","page","type-page","status-publish","hentry"],"_links":{"self":[{"href":"https:\/\/ansareo.com\/fr\/wp-json\/wp\/v2\/pages\/2449","targetHints":{"allow":["GET"]}}],"collection":[{"href":"https:\/\/ansareo.com\/fr\/wp-json\/wp\/v2\/pages"}],"about":[{"href":"https:\/\/ansareo.com\/fr\/wp-json\/wp\/v2\/types\/page"}],"author":[{"embeddable":true,"href":"https:\/\/ansareo.com\/fr\/wp-json\/wp\/v2\/users\/1"}],"replies":[{"embeddable":true,"href":"https:\/\/ansareo.com\/fr\/wp-json\/wp\/v2\/comments?post=2449"}],"version-history":[{"count":20,"href":"https:\/\/ansareo.com\/fr\/wp-json\/wp\/v2\/pages\/2449\/revisions"}],"predecessor-version":[{"id":2931,"href":"https:\/\/ansareo.com\/fr\/wp-json\/wp\/v2\/pages\/2449\/revisions\/2931"}],"wp:attachment":[{"href":"https:\/\/ansareo.com\/fr\/wp-json\/wp\/v2\/media?parent=2449"}],"curies":[{"name":"wp","href":"https:\/\/api.w.org\/{rel}","templated":true}]}}